{"id":2,"date":"2020-03-25T20:45:25","date_gmt":"2020-03-25T20:45:25","guid":{"rendered":"http:\/\/pleiades-coop.org\/?page_id=2"},"modified":"2020-07-26T10:20:11","modified_gmt":"2020-07-26T10:20:11","slug":"sample-page","status":"publish","type":"page","link":"https:\/\/pleiades-coop.org\/","title":{"rendered":"Pleiades"},"content":{"rendered":"\t\t<div data-elementor-type=\"wp-page\" data-elementor-id=\"2\" class=\"elementor elementor-2\" data-elementor-settings=\"[]\">\n\t\t\t<div class=\"elementor-inner\">\n\t\t\t\t<div class=\"elementor-section-wrap\">\n\t\t\t\t\t\t\t<section class=\"elementor-element elementor-element-52ff8b4 elementor-section-boxed elementor-section-height-default elementor-section-height-default elementor-section elementor-top-section\" data-id=\"52ff8b4\" data-element_type=\"section\">\n\t\t\t\t\t\t<div class=\"elementor-container elementor-column-gap-default\">\n\t\t\t\t<div class=\"elementor-row\">\n\t\t\t\t<div class=\"elementor-element elementor-element-f36ba0e elementor-column elementor-col-100 elementor-top-column\" data-id=\"f36ba0e\" data-element_type=\"column\">\n\t\t\t<div class=\"elementor-column-wrap  elementor-element-populated\">\n\t\t\t\t\t<div class=\"elementor-widget-wrap\">\n\t\t\t\t<div class=\"elementor-element elementor-element-aa7e3e1 elementor-widget elementor-widget-heading\" data-id=\"aa7e3e1\" data-element_type=\"widget\" data-widget_type=\"heading.default\">\n\t\t\t\t<div class=\"elementor-widget-container\">\n\t\t\t<h2 class=\"elementor-heading-title elementor-size-default\">Pleiades<\/h2>\t\t<\/div>\n\t\t\t\t<\/div>\n\t\t\t\t\t\t<\/div>\n\t\t\t<\/div>\n\t\t<\/div>\n\t\t\t\t\t\t<\/div>\n\t\t\t<\/div>\n\t\t<\/section>\n\t\t\t\t<section class=\"elementor-element elementor-element-6cec308b elementor-section-boxed elementor-section-height-default elementor-section-height-default elementor-section elementor-top-section\" data-id=\"6cec308b\" data-element_type=\"section\">\n\t\t\t\t\t\t<div class=\"elementor-container elementor-column-gap-default\">\n\t\t\t\t<div class=\"elementor-row\">\n\t\t\t\t<div class=\"elementor-element elementor-element-65ae290f elementor-column elementor-col-100 elementor-top-column\" data-id=\"65ae290f\" data-element_type=\"column\">\n\t\t\t<div class=\"elementor-column-wrap  elementor-element-populated\">\n\t\t\t\t\t<div class=\"elementor-widget-wrap\">\n\t\t\t\t<div class=\"elementor-element elementor-element-7925d914 elementor-widget elementor-widget-text-editor\" data-id=\"7925d914\" data-element_type=\"widget\" data-widget_type=\"text-editor.default\">\n\t\t\t\t<div class=\"elementor-widget-container\">\n\t\t\t\t\t<div class=\"elementor-text-editor elementor-clearfix\"><!-- wp:paragraph -->\n<p class=\"normal\"><span lang=\"EN-GB\">Istra\u017eiva\u010dko-edukativna zadruga \u201ePlejade\u201c Beograd, formirana je 2018. godine kao demokratsko privredno preduzec\u0301e. Ve\u0107 du\u017ei niz godina na\u0161i \u010dlanovi zajedno rade na pru\u017eanju IT re\u0161enja za aktiviste i kulturne projekte civilnog dru\u0161tva kao i na organizovanju neformalnog rada ku\u0107epazitelja (ku\u0107nih pomo\u0107nica), negovatelja i radnika iz prehrambene industrije. Plejade je radni\u010dka zadruga koja poziva sve koji prihvataju njena zadru\u017ena pravila da se pridru\u017ee. Osnovno pravilo na kom je na\u0161a delatnost zasnovana je jedan \u010dlan, jedan glas. <\/span><\/p>\n<p class=\"normal\"><span lang=\"EN-GB\">Ukoliko imate ideju koju \u017eelite da delite i primenite, do\u0111ite i pridru\u017eite nam se.<\/span><\/p>\n<!-- \/wp:paragraph --><\/div>\n\t\t\t\t<\/div>\n\t\t\t\t<\/div>\n\t\t\t\t\t\t<\/div>\n\t\t\t<\/div>\n\t\t<\/div>\n\t\t\t\t\t\t<\/div>\n\t\t\t<\/div>\n\t\t<\/section>\n\t\t\t\t<section class=\"elementor-element elementor-element-2f99d66 elementor-section-boxed elementor-section-height-default elementor-section-height-default elementor-section elementor-top-section\" data-id=\"2f99d66\" data-element_type=\"section\">\n\t\t\t\t\t\t<div class=\"elementor-container elementor-column-gap-default\">\n\t\t\t\t<div class=\"elementor-row\">\n\t\t\t\t<div class=\"elementor-element elementor-element-a732dae elementor-column elementor-col-100 elementor-top-column\" data-id=\"a732dae\" data-element_type=\"column\">\n\t\t\t<div class=\"elementor-column-wrap  elementor-element-populated\">\n\t\t\t\t\t<div class=\"elementor-widget-wrap\">\n\t\t\t\t<div class=\"elementor-element elementor-element-0532e11 elementor-widget elementor-widget-text-editor\" data-id=\"0532e11\" data-element_type=\"widget\" data-widget_type=\"text-editor.default\">\n\t\t\t\t<div class=\"elementor-widget-container\">\n\t\t\t\t\t<div class=\"elementor-text-editor elementor-clearfix\"><p class=\"normal\"><span lang=\"EN-GB\">Plejade je neprofitno preduze\u0107e zasnovano na principu ulaganja profita nazad u preduze\u0107e i \u010dlanove preduze\u0107a. Zadru\u017ena pravila uskla\u0111ena su sa Izjavom Me\u0111unarodnog saveza zadruga o identitetu zadruga i vrednostima zadruge. Sa svakim novim \u010dlanom, cela zadruga raste u broju i kvalitetu. Na\u0161i \u010dlanovi su univerzitetski profesori, IT stru\u010dnjaci, umetnici, ku\u0107epazitelji (ku\u0107ne pomo\u0107nice), ugostiteljski radnici i jo\u0161 mnogo njih. Raznolikost na\u0161ih \u010dlanova je upravo ono \u0161to nam omoguc\u0301ava da pru\u017eimo kreativna i inovativna re\u0161enja i da sa lako\u0107om savladavamo sve predvi\u0111ene i nepredvi\u0111ene prepreke.<\/span><\/p><\/div>\n\t\t\t\t<\/div>\n\t\t\t\t<\/div>\n\t\t\t\t\t\t<\/div>\n\t\t\t<\/div>\n\t\t<\/div>\n\t\t\t\t\t\t<\/div>\n\t\t\t<\/div>\n\t\t<\/section>\n\t\t\t\t<section class=\"elementor-element elementor-element-ee2240f elementor-section-boxed elementor-section-height-default elementor-section-height-default elementor-section elementor-top-section\" data-id=\"ee2240f\" data-element_type=\"section\">\n\t\t\t\t\t\t<div class=\"elementor-container elementor-column-gap-default\">\n\t\t\t\t<div class=\"elementor-row\">\n\t\t\t\t<div class=\"elementor-element elementor-element-1502c4d elementor-column elementor-col-100 elementor-top-column\" data-id=\"1502c4d\" data-element_type=\"column\">\n\t\t\t<div class=\"elementor-column-wrap  elementor-element-populated\">\n\t\t\t\t\t<div class=\"elementor-widget-wrap\">\n\t\t\t\t<div class=\"elementor-element elementor-element-3f49858 elementor-widget elementor-widget-text-editor\" data-id=\"3f49858\" data-element_type=\"widget\" data-widget_type=\"text-editor.default\">\n\t\t\t\t<div class=\"elementor-widget-container\">\n\t\t\t\t\t<div class=\"elementor-text-editor elementor-clearfix\"><p>Na\u0161a zadruga stavlja poseban akcenat na odnose sa zajednicom, te smo zbog toga u procesu uspostavljanja dru\u0161tvenog centra<em><strong> \u201cZa \u010din\u201d<\/strong> <strong>u Beogradu, u ulici Alekse Nenadovi\u0107a 32<\/strong><\/em>. Cilj dru\u0161tvenog centra je stvaranje prostora u kom bi na\u0161i \u010dlanovi mogli da se dru\u017ee, dele svoja znanja i ve\u0161tine, i, \u0161to je najva\u017enije, u\u010de kako da me\u0111usobno sara\u0111uju.\u00a0<\/p><\/div>\n\t\t\t\t<\/div>\n\t\t\t\t<\/div>\n\t\t\t\t\t\t<\/div>\n\t\t\t<\/div>\n\t\t<\/div>\n\t\t\t\t\t\t<\/div>\n\t\t\t<\/div>\n\t\t<\/section>\n\t\t\t\t\t\t<\/div>\n\t\t\t<\/div>\n\t\t<\/div>\n\t\t","protected":false},"excerpt":{"rendered":"<p>Pleiades Istra\u017eiva\u010dko-edukativna zadruga \u201ePlejade\u201c Beograd, formirana je 2018. godine kao demokratsko privredno preduzec\u0301e. Ve\u0107 du\u017ei niz godina na\u0161i \u010dlanovi zajedno rade na pru\u017eanju IT re\u0161enja za aktiviste i kulturne projekte civilnog dru\u0161tva kao i na organizovanju neformalnog rada ku\u0107epazitelja (ku\u0107nih pomo\u0107nica), negovatelja i radnika iz prehrambene industrije. Plejade je radni\u010dka zadruga koja poziva sve koji [&hellip;]<\/p>\n","protected":false},"author":1,"featured_media":0,"parent":0,"menu_order":0,"comment_status":"closed","ping_status":"open","template":"","meta":{"footnotes":""},"class_list":["post-2","page","type-page","status-publish","hentry"],"_links":{"self":[{"href":"https:\/\/pleiades-coop.org\/index.php?rest_route=\/wp\/v2\/pages\/2","targetHints":{"allow":["GET"]}}],"collection":[{"href":"https:\/\/pleiades-coop.org\/index.php?rest_route=\/wp\/v2\/pages"}],"about":[{"href":"https:\/\/pleiades-coop.org\/index.php?rest_route=\/wp\/v2\/types\/page"}],"author":[{"embeddable":true,"href":"https:\/\/pleiades-coop.org\/index.php?rest_route=\/wp\/v2\/users\/1"}],"replies":[{"embeddable":true,"href":"https:\/\/pleiades-coop.org\/index.php?rest_route=%2Fwp%2Fv2%2Fcomments&post=2"}],"version-history":[{"count":8,"href":"https:\/\/pleiades-coop.org\/index.php?rest_route=\/wp\/v2\/pages\/2\/revisions"}],"predecessor-version":[{"id":42,"href":"https:\/\/pleiades-coop.org\/index.php?rest_route=\/wp\/v2\/pages\/2\/revisions\/42"}],"wp:attachment":[{"href":"https:\/\/pleiades-coop.org\/index.php?rest_route=%2Fwp%2Fv2%2Fmedia&parent=2"}],"curies":[{"name":"wp","href":"https:\/\/api.w.org\/{rel}","templated":true}]}}